{"id":2033,"date":"2021-01-01T14:15:35","date_gmt":"2021-01-01T14:15:35","guid":{"rendered":"http:\/\/stage.senidey.info\/impressum\/"},"modified":"2025-09-19T18:54:49","modified_gmt":"2025-09-19T17:54:49","slug":"impressum","status":"publish","type":"page","link":"https:\/\/senidey.com\/de\/impressum\/","title":{"rendered":"Impressum"},"content":{"rendered":"\n<div class=\"row row-collapse row-full-width\"  id=\"row-1618815398\">\n\n\n\t<div id=\"col-1733337295\" class=\"col small-12 large-12\"  >\n\t\t\t\t<div class=\"col-inner\"  >\n\t\t\t\n\t\t\t\n\n\t<div id=\"text-1322704569\" class=\"text\">\n\t\t\n\n<h1 style=\"text-align: center;\">IMPRESSUM<\/h1>\n\t\t\n<style>\n#text-1322704569 {\n  font-size: 1rem;\n  text-align: center;\n}\n<\/style>\n\t<\/div>\n\t\n<div class=\"is-divider divider clearfix\" style=\"max-width:100%;height:0px;background-color:rgb(224, 224, 224);\"><\/div>\n\n<div class=\"is-divider divider clearfix\" style=\"margin-top:0em;margin-bottom:0em;max-width:100%;height:0.1px;background-color:rgb(224, 224, 224);\"><\/div>\n\n\n\t\t<\/div>\n\t\t\t\t\n<style>\n#col-1733337295 > .col-inner {\n  padding: 34px 0px 24px 0px;\n}\n@media (min-width:550px) {\n  #col-1733337295 > .col-inner {\n    padding: 34px 0px 25px 0px;\n  }\n}\n<\/style>\n\t<\/div>\n\n\t\n\n<\/div>\n<div class=\"row row-collapse row-full-width\"  id=\"row-1078140182\">\n\n\n\t<div id=\"col-73376244\" class=\"col small-12 large-12\"  >\n\t\t\t\t<div class=\"col-inner\"  >\n\t\t\t\n\t\t\t\n\n\t<div id=\"text-443879771\" class=\"text\">\n\t\t\n\n<strong>Angaben gem\u00e4\u00df \u00a7 5 TMG:\r\n<\/strong><br><br>Seni Dey UG (haftungsbeschr\u00e4nkt)<br>Bessemerstra\u00dfe 51, 1. OG<br>12103 Berlin, Germany<br><br><strong>Vertreten durch:<\/strong><br><br>Ensi Mensah<br><br><strong>Kontakt:<\/strong><br><br>Telephone: +(49) 1632303321<br><br>E-mail: hi@senidey.com<br><br>Registereintrag:<br><br>Registergericht: Amtsgericht Charlottenburg, Berlin<br><br>Registernummer: HRB 236819 B<br><br>Steuernummer: 29\/532\/33639<br><br>Umsatzsteuer-Identifikationsnummer gem\u00e4\u00df \u00a727 a Umsatzsteuergesetz: DE350311917<br><br>Verantwortliche\/r i.S.d. \u00a7 55 Abs. 2 RStV:<br><br>Ensi Mensah,<br>Bessemerstra\u00dfe 51, 1. OG<br>12103 Berlin, Deutschland<br><br><strong>Haftungsausschluss:<\/strong><br><br>1. Haftung f\u00fcr Inhalte.<br><br>Die Inhalte unserer Seiten wurden mit gr\u00f6\u00dfter Sorgfalt erstellt. F\u00fcr die Richtigkeit, Vollst\u00e4ndigkeit und Aktualit\u00e4t der Inhalte k\u00f6nnen wir jedoch keine Gew\u00e4hr \u00fcbernehmen. Als Diensteanbieter sind wir gem\u00e4\u00df \u00a7 7 Abs.1 TMG f\u00fcr eigene Inhalte auf diesen Seiten nach den allgemeinen Gesetzen verantwortlich. Nach \u00a7\u00a7 8 bis 10 TMG sind wir als Diensteanbieter jedoch nicht verpflichtet, \u00fcbermittelte oder gespeicherte fremde Informationen zu \u00fcberwachen oder nach Umst\u00e4nden zu forschen, die auf eine rechtswidrige T\u00e4tigkeit hinweisen. Verpflichtungen zur Entfernung oder Sperrung der Nutzung von Informationen nach den allgemeinen Gesetzen bleiben hiervon unber\u00fchrt. Eine diesbez\u00fcgliche Haftung ist jedoch erst ab dem Zeitpunkt der Kenntnis einer konkreten Rechtsverletzung m\u00f6glich. Bei Bekanntwerden von entsprechenden Rechtsverletzungen werden wir diese Inhalte umgehend entfernen.<br><br>2. Haftung fuer Links<br><br>Unser Angebot enth\u00e4lt Links zu externen Webseiten Dritter, auf deren Inhalte wir keinen Einfluss haben. Deshalb k\u00f6nnen wir f\u00fcr diese fremden Inhalte auch keine Gew\u00e4hr \u00fcbernehmen. F\u00fcr die Inhalte der verlinkten Seiten ist stets der jeweilige Anbieter oder Betreiber der Seiten verantwortlich. Die verlinkten Seiten wurden zum Zeitpunkt der Verlinkung auf m\u00f6gliche Rechtsverst\u00f6\u00dfe \u00fcberpr\u00fcft. Rechtswidrige Inhalte waren zum Zeitpunkt der Verlinkung nicht erkennbar. Eine permanente inhaltliche Kontrolle der verlinkten Seiten ist jedoch ohne konkrete Anhaltspunkte einer Rechtsverletzung nicht zumutbar. Bei Bekanntwerden von Rechtsverletzungen werden wir derartige Links umgehend entfernen.<br><br>3. Urheberrecht<br><br>Die durch die Seitenbetreiber erstellten Inhalte und Werke auf diesen Seiten unterliegen dem deutschen Urheberrecht. Die Vervielf\u00e4ltigung, Bearbeitung, Verbreitung und jede Art der Verwertung au\u00dferhalb der Grenzen des Urheberrechtes bed\u00fcrfen der schriftlichen Zustimmung des jeweiligen Autors bzw. Erstellers. Downloads und Kopien dieser Seite sind nur f\u00fcr den privaten, nicht kommerziellen Gebrauch gestattet. Soweit die Inhalte auf dieser Seite nicht vom Betreiber erstellt wurden, werden die Urheberrechte Dritter beachtet. Insbesondere werden Inhalte Dritter als solche gekennzeichnet. Sollten Sie trotzdem auf eine Urheberrechtsverletzung aufmerksam werden, bitten wir um einen entsprechenden Hinweis. Bei Bekanntwerden von Rechtsverletzungen werden wir derartige Inhalte umgehend entfernen.<br><br><strong>Hinweise gem. Art. 14 (1) ODR-VOR und \u00a7 36 VSBG:<\/strong><br><br>Plattform der EU-Kommission zur Online-Streitbeilegung:<a href=\"https:\/\/ec.europa.eu\/consumers\/odr\/\">https:\/\/ec.europa.eu\/consumers\/odr\/<\/a><br><br>Plattform der EU-Kommission zur Online-Streitbeilegung:<br><br><strong>Complaints Procedure<\/strong><br><br><strong>Alternative dispute resolution in accordance with Art. 14 Para. 1 of the ODR Regulation and \u00a7 36 of the Act on Alternative Dispute Resolution in Consumer Matters:<\/strong><br><br>The European Commission provides a platform for online dispute resolution (ODR):\u00a0<a href=\"http:\/\/ec.europa.eu\/consumers\/odr\/\">http:\/\/ec.europa.eu\/consumers\/odr\/<\/a>. We are not obliged nor willing to participate in dispute settlement proceedings before a consumer arbitration board.\n\t\t\n<style>\n#text-443879771 {\n  font-size: 1rem;\n  text-align: left;\n}\n<\/style>\n\t<\/div>\n\t\n\n\t\t<\/div>\n\t\t\t\t\n<style>\n#col-73376244 > .col-inner {\n  padding: 30px 30px 30px 30px;\n}\n@media (min-width:550px) {\n  #col-73376244 > .col-inner {\n    padding: 30px 60px 30px 60px;\n  }\n}\n<\/style>\n\t<\/div>\n\n\t\n\n<\/div>\n","protected":false},"excerpt":{"rendered":"","protected":false},"author":1,"featured_media":0,"parent":0,"menu_order":0,"comment_status":"closed","ping_status":"closed","template":"page-blank.php","meta":{"footnotes":""},"class_list":["post-2033","page","type-page","status-publish","hentry"],"yoast_head":"<!-- This site is optimized with the Yoast SEO plugin v27.3 - https:\/\/yoast.com\/product\/yoast-seo-wordpress\/ -->\n<title>Impressum - Seni Dey<\/title>\n<meta name=\"robots\" content=\"index, follow, max-snippet:-1, max-image-preview:large, max-video-preview:-1\" \/>\n<link rel=\"canonical\" href=\"https:\/\/senidey.com\/de\/impressum\/\" \/>\n<meta property=\"og:locale\" content=\"de_DE\" \/>\n<meta property=\"og:type\" content=\"article\" \/>\n<meta property=\"og:title\" content=\"Impressum - Seni Dey\" \/>\n<meta property=\"og:url\" content=\"https:\/\/senidey.com\/de\/impressum\/\" \/>\n<meta property=\"og:site_name\" content=\"Seni Dey\" \/>\n<meta property=\"article:publisher\" content=\"https:\/\/www.facebook.com\/seni.dey\" \/>\n<meta property=\"article:modified_time\" content=\"2025-09-19T17:54:49+00:00\" \/>\n<meta property=\"og:image\" content=\"https:\/\/senidey.com\/wp-content\/uploads\/2021\/01\/destination-wedding-minimal-bridal-dress-bride-with-hat-carline-adair-senna-seni-dey.jpg\" \/>\n\t<meta property=\"og:image:width\" content=\"800\" \/>\n\t<meta property=\"og:image:height\" content=\"800\" \/>\n\t<meta property=\"og:image:type\" content=\"image\/jpeg\" \/>\n<meta name=\"twitter:card\" content=\"summary_large_image\" \/>\n<meta name=\"twitter:label1\" content=\"Gesch\u00e4tzte Lesezeit\" \/>\n\t<meta name=\"twitter:data1\" content=\"4\u00a0Minuten\" \/>\n<script type=\"application\/ld+json\" class=\"yoast-schema-graph\">{\"@context\":\"https:\\\/\\\/schema.org\",\"@graph\":[{\"@type\":\"WebPage\",\"@id\":\"https:\\\/\\\/senidey.com\\\/de\\\/impressum\\\/\",\"url\":\"https:\\\/\\\/senidey.com\\\/de\\\/impressum\\\/\",\"name\":\"Impressum - Seni Dey\",\"isPartOf\":{\"@id\":\"https:\\\/\\\/senidey.com\\\/de\\\/#website\"},\"datePublished\":\"2021-01-01T14:15:35+00:00\",\"dateModified\":\"2025-09-19T17:54:49+00:00\",\"breadcrumb\":{\"@id\":\"https:\\\/\\\/senidey.com\\\/de\\\/impressum\\\/#breadcrumb\"},\"inLanguage\":\"de\",\"potentialAction\":[{\"@type\":\"ReadAction\",\"target\":[\"https:\\\/\\\/senidey.com\\\/de\\\/impressum\\\/\"]}]},{\"@type\":\"BreadcrumbList\",\"@id\":\"https:\\\/\\\/senidey.com\\\/de\\\/impressum\\\/#breadcrumb\",\"itemListElement\":[{\"@type\":\"ListItem\",\"position\":1,\"name\":\"Home\",\"item\":\"https:\\\/\\\/senidey.com\\\/de\\\/\"},{\"@type\":\"ListItem\",\"position\":2,\"name\":\"Impressum\"}]},{\"@type\":\"WebSite\",\"@id\":\"https:\\\/\\\/senidey.com\\\/de\\\/#website\",\"url\":\"https:\\\/\\\/senidey.com\\\/de\\\/\",\"name\":\"Seni Dey\",\"description\":\"Customised Wedding Dresses\",\"publisher\":{\"@id\":\"https:\\\/\\\/senidey.com\\\/de\\\/#organization\"},\"potentialAction\":[{\"@type\":\"SearchAction\",\"target\":{\"@type\":\"EntryPoint\",\"urlTemplate\":\"https:\\\/\\\/senidey.com\\\/de\\\/?s={search_term_string}\"},\"query-input\":{\"@type\":\"PropertyValueSpecification\",\"valueRequired\":true,\"valueName\":\"search_term_string\"}}],\"inLanguage\":\"de\"},{\"@type\":\"Organization\",\"@id\":\"https:\\\/\\\/senidey.com\\\/de\\\/#organization\",\"name\":\"Seni Dey\",\"url\":\"https:\\\/\\\/senidey.com\\\/de\\\/\",\"logo\":{\"@type\":\"ImageObject\",\"inLanguage\":\"de\",\"@id\":\"https:\\\/\\\/senidey.com\\\/de\\\/#\\\/schema\\\/logo\\\/image\\\/\",\"url\":\"https:\\\/\\\/senidey.com\\\/wp-content\\\/uploads\\\/2020\\\/05\\\/Seni-Dey-Logo.png\",\"contentUrl\":\"https:\\\/\\\/senidey.com\\\/wp-content\\\/uploads\\\/2020\\\/05\\\/Seni-Dey-Logo.png\",\"width\":400,\"height\":194,\"caption\":\"Seni Dey\"},\"image\":{\"@id\":\"https:\\\/\\\/senidey.com\\\/de\\\/#\\\/schema\\\/logo\\\/image\\\/\"},\"sameAs\":[\"https:\\\/\\\/www.facebook.com\\\/seni.dey\",\"https:\\\/\\\/www.instagram.com\\\/seni.dey\\\/\",\"https:\\\/\\\/www.pinterest.co.uk\\\/Seni_Dey\\\/\"]}]}<\/script>\n<!-- \/ Yoast SEO plugin. -->","yoast_head_json":{"title":"Impressum - Seni Dey","robots":{"index":"index","follow":"follow","max-snippet":"max-snippet:-1","max-image-preview":"max-image-preview:large","max-video-preview":"max-video-preview:-1"},"canonical":"https:\/\/senidey.com\/de\/impressum\/","og_locale":"de_DE","og_type":"article","og_title":"Impressum - Seni Dey","og_url":"https:\/\/senidey.com\/de\/impressum\/","og_site_name":"Seni Dey","article_publisher":"https:\/\/www.facebook.com\/seni.dey","article_modified_time":"2025-09-19T17:54:49+00:00","og_image":[{"width":800,"height":800,"url":"https:\/\/senidey.com\/wp-content\/uploads\/2021\/01\/destination-wedding-minimal-bridal-dress-bride-with-hat-carline-adair-senna-seni-dey.jpg","type":"image\/jpeg"}],"twitter_card":"summary_large_image","twitter_misc":{"Gesch\u00e4tzte Lesezeit":"4\u00a0Minuten"},"schema":{"@context":"https:\/\/schema.org","@graph":[{"@type":"WebPage","@id":"https:\/\/senidey.com\/de\/impressum\/","url":"https:\/\/senidey.com\/de\/impressum\/","name":"Impressum - Seni Dey","isPartOf":{"@id":"https:\/\/senidey.com\/de\/#website"},"datePublished":"2021-01-01T14:15:35+00:00","dateModified":"2025-09-19T17:54:49+00:00","breadcrumb":{"@id":"https:\/\/senidey.com\/de\/impressum\/#breadcrumb"},"inLanguage":"de","potentialAction":[{"@type":"ReadAction","target":["https:\/\/senidey.com\/de\/impressum\/"]}]},{"@type":"BreadcrumbList","@id":"https:\/\/senidey.com\/de\/impressum\/#breadcrumb","itemListElement":[{"@type":"ListItem","position":1,"name":"Home","item":"https:\/\/senidey.com\/de\/"},{"@type":"ListItem","position":2,"name":"Impressum"}]},{"@type":"WebSite","@id":"https:\/\/senidey.com\/de\/#website","url":"https:\/\/senidey.com\/de\/","name":"Seni Dey","description":"Customised Wedding Dresses","publisher":{"@id":"https:\/\/senidey.com\/de\/#organization"},"potentialAction":[{"@type":"SearchAction","target":{"@type":"EntryPoint","urlTemplate":"https:\/\/senidey.com\/de\/?s={search_term_string}"},"query-input":{"@type":"PropertyValueSpecification","valueRequired":true,"valueName":"search_term_string"}}],"inLanguage":"de"},{"@type":"Organization","@id":"https:\/\/senidey.com\/de\/#organization","name":"Seni Dey","url":"https:\/\/senidey.com\/de\/","logo":{"@type":"ImageObject","inLanguage":"de","@id":"https:\/\/senidey.com\/de\/#\/schema\/logo\/image\/","url":"https:\/\/senidey.com\/wp-content\/uploads\/2020\/05\/Seni-Dey-Logo.png","contentUrl":"https:\/\/senidey.com\/wp-content\/uploads\/2020\/05\/Seni-Dey-Logo.png","width":400,"height":194,"caption":"Seni Dey"},"image":{"@id":"https:\/\/senidey.com\/de\/#\/schema\/logo\/image\/"},"sameAs":["https:\/\/www.facebook.com\/seni.dey","https:\/\/www.instagram.com\/seni.dey\/","https:\/\/www.pinterest.co.uk\/Seni_Dey\/"]}]}},"_links":{"self":[{"href":"https:\/\/senidey.com\/de\/wp-json\/wp\/v2\/pages\/2033","targetHints":{"allow":["GET"]}}],"collection":[{"href":"https:\/\/senidey.com\/de\/wp-json\/wp\/v2\/pages"}],"about":[{"href":"https:\/\/senidey.com\/de\/wp-json\/wp\/v2\/types\/page"}],"author":[{"embeddable":true,"href":"https:\/\/senidey.com\/de\/wp-json\/wp\/v2\/users\/1"}],"replies":[{"embeddable":true,"href":"https:\/\/senidey.com\/de\/wp-json\/wp\/v2\/comments?post=2033"}],"version-history":[{"count":5,"href":"https:\/\/senidey.com\/de\/wp-json\/wp\/v2\/pages\/2033\/revisions"}],"predecessor-version":[{"id":16348,"href":"https:\/\/senidey.com\/de\/wp-json\/wp\/v2\/pages\/2033\/revisions\/16348"}],"wp:attachment":[{"href":"https:\/\/senidey.com\/de\/wp-json\/wp\/v2\/media?parent=2033"}],"curies":[{"name":"wp","href":"https:\/\/api.w.org\/{rel}","templated":true}]}}