{"id":2021,"date":"2021-01-01T13:44:52","date_gmt":"2021-01-01T13:44:52","guid":{"rendered":"http:\/\/stage.senidey.info\/agbs\/"},"modified":"2025-06-16T13:42:41","modified_gmt":"2025-06-16T12:42:41","slug":"agbs","status":"publish","type":"page","link":"https:\/\/senidey.com\/de\/agbs\/","title":{"rendered":"AGBS"},"content":{"rendered":"\n<div class=\"row row-collapse row-full-width\"  id=\"row-604535417\">\n\n\n\t<div id=\"col-2035288597\" class=\"col small-12 large-12\"  >\n\t\t\t\t<div class=\"col-inner\"  >\n\t\t\t\n\t\t\t\n\n\t<div id=\"text-1562904151\" class=\"text\">\n\t\t\n\n<h1 style=\"text-align: center;\">ALLGEMEINE GESCH\u00c4FTSBEDINGUNGEN<\/h1>\n\t\t\n<style>\n#text-1562904151 {\n  font-size: 1rem;\n  text-align: center;\n}\n<\/style>\n\t<\/div>\n\t\n<div class=\"is-divider divider clearfix\" style=\"max-width:100%;height:0px;background-color:rgb(224, 224, 224);\"><\/div>\n\n<div class=\"is-divider divider clearfix\" style=\"margin-top:0em;margin-bottom:0em;max-width:100%;height:0.1px;background-color:rgb(224, 224, 224);\"><\/div>\n\n\n\t\t<\/div>\n\t\t\t\t\n<style>\n#col-2035288597 > .col-inner {\n  padding: 34px 0px 24px 0px;\n}\n@media (min-width:550px) {\n  #col-2035288597 > .col-inner {\n    padding: 34px 0px 25px 0px;\n  }\n}\n<\/style>\n\t<\/div>\n\n\t\n\n<\/div>\n<div class=\"row row-collapse row-full-width\"  id=\"row-287253678\">\n\n\n\t<div id=\"col-1616954812\" class=\"col small-12 large-12\"  >\n\t\t\t\t<div class=\"col-inner\"  >\n\t\t\t\n\t\t\t\n\n\t<div id=\"text-2946914754\" class=\"text\">\n\t\t\n\n<h1>1. ALLGEMEINES<\/h1>\n<p>Der Zugang zu dieser Website und die Nutzung dieser Website sowie die \u00fcber diese Website verf\u00fcgbaren Produkte und Leistungen werden durch folgende Bedingungen und Hinweise geregelt (nachfolgend Gesch\u00e4ftsbedingung genannt). Diese Website ist nur zum privaten Gebrauch bestimmt. Die Nutzung f\u00fcr gesch\u00e4ftliche Zwecke ist ausdr\u00fccklich ausgeschlossen. F\u00fcr die Gesch\u00e4ftsbeziehung zwischen der Seni Dey UG (haftungsbeschr\u00e4nkt)(nachfolgend Seni Dey genannt), einem in Deutschland unter der Registernummer HRB 236819 B eingetragenen Unternehmen, mit dem folgenden Gesch\u00e4ftssitz \u2013 Bessemerstra\u00dfe 51, 1. OG, 12103 Berlin, Deutschland und dir gelten ausschlie\u00dflich die nachfolgenden Gesch\u00e4ftsbedingungen in ihrer zum Zeitpunkt der jeweiligen Bestellung g\u00fcltigen Fassung. Etwaigen entgegenstehenden oder sonstigen allgemeinen Gesch\u00e4ftsbedingungen und\/oder sonstigen Bedingungen deinerseits wird unabh\u00e4ngig von ihrer Bezeichnung ausdr\u00fccklich widersprochen, es sei denn, Seni Dey stimmt ihrer Geltung ausdr\u00fccklich schriftlich zu. Im Einzelfall mit dir getroffene, individuelle Vereinbarungen (einschlie\u00dflich Nebenabreden, Erg\u00e4nzungen und\/oder \u00c4nderungen) haben in jedem Fall Vorrang vor diesen Gesch\u00e4ftsbedingungen. F\u00fcr den Inhalt derartiger Vereinbarungen sind ein schriftlicher Vertrag und\/oder die schriftliche Best\u00e4tigung von Seni Dey ma\u00dfgebend.<br \/>Diese Website umfasst auch Links zu anderen Websites, deren Betreiber nicht Seni Dey ist. Seni Dey hat keinerlei Einfluss auf die verlinkten Websites und \u00fcbernimmt aus diesem Grund keinerlei Haftung f\u00fcr diese Websites oder f\u00fcr jegliche Verluste oder Sch\u00e4den, die dir gegebenenfalls aufgrund der Nutzung der Websites entstehen k\u00f6nnen.<\/p>\n<p><br \/>Falls du gegen diese Bedingungen versto\u00dfen und wir diesbez\u00fcglich keine Ma\u00dfnahmen einleiten, darf uns dies nicht als k\u00fcnftiger Rechtsverzicht ausgelegt werden, d.h. wir d\u00fcrfen unsere Rechte und Rechtsmittel auch k\u00fcnftig noch aus\u00fcben, wenn du gegen diese Bedingungen verst\u00f6\u00dft. Gerne kannst du einen Link zu unserer Webseite einf\u00fcgen, soweit dies auf angemessene und legale Weise erfolgt und unser Image keinen Schaden nimmt bzw. unser Image dadurch nicht missbraucht wird. Du darfst jedoch keinen Link so setzen, dass der Eindruck erweckt wird, dass zwischen uns eine Art Verbindung besteht, dass wir unsere Zustimmung zu etwas erteilt haben oder dass wir etwas bef\u00fcrworten, wenn dem nicht tats\u00e4chlich so ist.<\/p>\n<h1><br \/>2. VERBOTE<\/h1>\n<p>Der Missbrauch dieser Website ist untersagt, insbesondere: das Begehen oder das Beg\u00fcnstigen krimineller Handlungen; das \u00dcbertragen oder Verteilen eines Virus, eines Trojaners, eines Wurms, einer logischen Bombe oder das Posten von anderen Inhalten mit b\u00f6sartiger, technologiesch\u00e4digender Wirkung bzw. Inhalten, die einen Vertrauensbruch darstellen oder die auf irgendeine Art und Weise obsz\u00f6n oder anst\u00f6\u00dfig sind; das Eindringen (Hacken) in irgendwelche Teile der Dienste; das Besch\u00e4digen von Daten; das unaufgeforderte Versenden von Werbe- oder Verkaufsf\u00f6rderungsmaterial, welches allgemein als \u201eSpam\u201c bezeichnet wird; oder der Versuch, die Leistungsf\u00e4higkeit oder Funktionalit\u00e4t von Computersystemen dieser Website bzw. Computereinrichtungen, auf die durch diese Website zugegriffen wird, zu beeintr\u00e4chtigen. Diese Aufstellung ist lediglich beispielhaft und nicht abschlie\u00dfend. Seni Dey wird jegliche Verst\u00f6\u00dfe unter Preisgabe deiner Identit\u00e4t an die zust\u00e4ndige Justizbeh\u00f6rde melden.<\/p>\n<p><br \/>Wir haften nicht f\u00fcr jegliche Verluste oder Sch\u00e4den, die verursacht wurden durch die Verteilung von Viren, Denial-of-Service-Attacks oder andere technologiesch\u00e4digende Inhalte, von denen dein Computersystem, deine Computerprogramme, deine Daten oder andere gesetzlich gesch\u00fctzte Inhalte durch Nutzung dieser Website.<\/p>\n<h1><br \/>3. VERTRAGSSCHLUSS UND WARENLIEFERUNGEN<\/h1>\n<p>3.1 Vertr\u00e4ge \u00fcber senidey.de schlie\u00dfen wir ausschlie\u00dflich in deutscher Sprache. Bei der Bestellung von Seni Dey Artikeln ist Ihr Vertragspartner die Seni Dey UG (haftungsbeschr\u00e4nkt) (nachfolgend Seni Dey genannt), einem in Deutschland unter der Registernummer HRB 236819 B eingetragenen Unternehmen, mit dem folgenden Gesch\u00e4ftssitz \u2013 Bessemerstra\u00dfe 51, 1. OG, 12103 Berlin, Deutschland.<\/p>\n<p><br \/>3.2 Durch Anklicken des Buttons \u201ejetzt kaufen\u201c gibst du eine verbindliche Bestellung \u00fcber die Artikel im Warenkorb ab. Den Eingang deiner Bestellung best\u00e4tigen wir dir unmittelbar per Email nach dem Absenden der Bestellung. Die Wirksamkeit des verbindlichen Vertrages zwischen dir und Seni Dey beginnt mit dem Zugang der Bestellbest\u00e4tigung.<\/p>\n<p><br \/>3.3 Bitte beachte, dass wir ausnahmsweise nicht zur Lieferung der bestellten Ware verpflichtet sind, wenn wir die Ware unsererseits ordnungsgem\u00e4\u00df bestellt haben, jedoch nicht richtig oder rechtzeitig beliefert worden sind (kongruentes Deckungsgesch\u00e4ft). Voraussetzung ist weiterhin, dass wir die fehlende Warenverf\u00fcgbarkeit nicht zu vertreten haben und dich \u00fcber diesen Umstand unverz\u00fcglich informiert haben. Zudem d\u00fcrfen wir nicht das Risiko der Beschaffung der bestellten Ware \u00fcbernommen haben. Bei entsprechender Nichtverf\u00fcgbarkeit der Ware werden wir dir bereits geleistete Zahlungen nat\u00fcrlich unverz\u00fcglich erstatten.<\/p>\n<p><br \/>3.4 Das Risiko, eine bestellte Ware besorgen zu m\u00fcssen (Beschaffungsrisiko), \u00fcbernehmen wir nicht. Wir sind nur zur Lieferung aus unserem Materialvorrat verpflichtet. Bestellungen liefern wir dir innerhalb Deutschlands aus. Werden als Fristen Werktage angegeben, so verstehen wir hierunter alle Tage von Montag bis einschlie\u00dflich Freitag, mit Ausnahme von gesetzlichen Feiertagen.<\/p>\n<h1><br \/>4. PREISE, VERSANDKOSTEN UND EXPRESSVERSAND<\/h1>\n<p>4.1 Es gelten die zum Zeitpunkt der Bestellung im Angebot aufgef\u00fchrten Preise. Die angegebenen Preise sind Endpreise, das hei\u00dft, sie beinhalten die jeweils g\u00fcltige deutsche gesetzliche Mehrwertsteuer. Bis zur vollst\u00e4ndigen Zahlung des Kaufpreises bleibt die Ware unser Eigentum.<\/p>\n<p><br \/>4.2 Es gelten die zum Zeitpunkt der Bestellung im Angebot aufgef\u00fchrten Versandkosten. Bitte beachte, dass alle Lieferungen au\u00dferhalb der EU den lokalen Einfuhrz\u00f6llen und Steuern unterliegen. Diese werden von der Regierung in deinem Land festgelegt und belastet, wir haben keine Kontrolle \u00fcber diese. Beachte bitte, dass Einfuhrz\u00f6lle und Steuern nicht in den Produkt- und Versandkosten enthalten sind und somit zus\u00e4tzliche Kosten f\u00fcr dich entstehen k\u00f6nnen. Um sicher zu sein welche Zusatzkosten auf dich zukommen, bitten wir dich diesbez\u00fcglich Kontakt mit dem Zollamt deines Landes aufzunehmen und dich genau zu informieren.<\/p>\n<p><br \/>4.3 Der Preis f\u00fcr ein Passform-Muster sowie f\u00fcr eine Stoffprobe k\u00f6nnen bei anschlie\u00dfenden Bestellungen angerechnet werden. Bitte beachte, dass pro bestellten Modell (Kleid, Rock oder Oberteil) nur ein Passform-Muster und\/oder Stoffprobe gutgeschrieben werden kann.<\/p>\n<h1><br \/>5. ZAHLUNG<\/h1>\n<p>5.1 Grunds\u00e4tzlich bieten wir die Zahlarten Kreditkarte und Paypal an. Wir behalten uns bei jeder Bestellung vor, bestimmte Zahlarten nicht anzubieten und auf andere Zahlarten zu verweisen. Bitte beachte, dass wir Zahlungen lediglich von Konten innerhalb der Europ\u00e4ischen Union (EU) akzeptieren. Etwaige Kosten einer Geld-Transaktion sind von dir zu tragen.<\/p>\n<p><br \/>5.2 Im Falle des Kaufs mittels Kreditkarte erfolgt die Belastung des Kreditkartenkontos mit Versendung der Bestellung durch uns.<\/p>\n<p><br \/>5.3 Wir behalten uns vor, pauschale Mahngeb\u00fchren als Verzugsschaden in H\u00f6he von EUR 5,00 pro Mahnung zu erheben, falls du dich im Zahlungsverzug befindest. Dir wird der Nachweis gestattet, dass ein wesentlich geringerer Schaden als die Pauschale oder gar kein Schaden entstanden ist.<\/p>\n<h1><br \/>6. AKTIONSGUTSCHEINE UND DEREN EINL\u00d6SUNG<\/h1>\n<p>6.1 Aktionsgutscheine sind Gutscheine, die nicht k\u00e4uflich erworben werden k\u00f6nnen, sondern die wir im Rahmen von Werbekampagnen mit einer bestimmten G\u00fcltigkeitsdauer ausgeben.<\/p>\n<p><br \/>6.2 Aktionsgutscheine sind nur im angegebenen Zeitraum und nur einmal im Rahmen eines Bestellvorgangs einl\u00f6sbar. Aktionsgutscheine k\u00f6nnen nicht f\u00fcr den Kauf von Geschenkgutscheinen verwendet werden. Bitte beachte, dass Aktionsgutscheine an einen Mindestbestellwert gebunden sein k\u00f6nnen.<\/p>\n<p><br \/>6.3 Der Warenwert muss mindestens dem Betrag des Aktionsgutscheins entsprechen. Eine Differenz zu einem h\u00f6heren Warenwert kann mit den angebotenen Zahlungsm\u00f6glichkeiten ausgeglichen werden. Der Wert eines Aktionsgutscheins wird weder in Bargeld ausgezahlt noch verzinst. Der Aktionsgutschein wird nicht erstattet, wenn Ware ganz oder teilweise retourniert wird.<\/p>\n<p><br \/>6.4 Aktionsgutscheine k\u00f6nnen nur vor Abschluss des Bestellvorgangs eingel\u00f6st werden. Eine nachtr\u00e4gliche Anrechnung ist nicht m\u00f6glich. Der Aktionsgutschein kann nicht auf Dritte \u00fcbertragen werden. Mehrere Aktionsgutscheine k\u00f6nnen nicht miteinander kombiniert werden.<\/p>\n<p><br \/>6.5 Solltest du bei deinem Kauf einen Aktionsgutschein benutzt haben, so behalten wir uns vor, dir den urspr\u00fcnglichen Preis der Ware, die du beh\u00e4ltst, zu berechnen, falls aufgrund deiner R\u00fcckgabe der Gesamtwert der Bestellung unter den jeweiligen Wert des Aktionsgutscheines f\u00e4llt oder diesem entspricht.<\/p>\n<h1><br \/>7. GESCHENKGUTSCHEINE UND DEREN EINL\u00d6SUNG<\/h1>\n<p>7.1 Geschenkgutscheine sind Gutscheine, die du k\u00e4uflich erwerben kannst. Diese k\u00f6nnen nur f\u00fcr den Kauf von Artikeln eingel\u00f6st werden, nicht jedoch f\u00fcr den Kauf von weiteren Geschenkgutscheinen. Reicht das Guthaben eines Geschenkgutscheins f\u00fcr die Bestellung nicht aus, kann die Differenz mit den angebotenen Zahlungsm\u00f6glichkeiten ausgeglichen werden.<\/p>\n<p><br \/>7.2 Geschenkgutscheine und Guthaben k\u00f6nnen nur vor Abschluss des Bestellvorgangs eingel\u00f6st werden. Das Guthaben eines Geschenkgutscheins wird weder in Bargeld ausgezahlt, noch verzinst. Um Geschenkgutscheine auf deinem Kundenkonto einzul\u00f6sen oder ein bestehendes Guthaben einzusehen, besuche bitte \u201eMeine Gutscheine und mein Guthaben\u201c auf senidey.de<\/p>\n<h1><br \/>8. GESETZLICHES WIDERRUFSRECHT F\u00dcR SENI DEY ARTIKEL<\/h1>\n<p>Bitte beachte, dass alle Seni Dey Artikel die du auf senidey.de bestellst ma\u00dfgefertigte Kleidung darstellen und somit gem\u00e4\u00df \u00a7 312d IV BGB vom Widerrufsrecht ausgeschlossen ist.<\/p>\n<h1><br \/>9. FREIWILLIGES R\u00dcCKGABERECHT VON 5 WERKTAGEN AB WARENERHALT<\/h1>\n<p>Bitte beachte, dass alle Seni Dey Artikel die du auf senidey.de bestellst ma\u00dfgefertigte Kleidung darstellen und aus diesem Grund eine komplette R\u00fcckerstattung des gezahlten Preises ausgeschlossen ist. Seni Dey gew\u00e4hrt dir ein freiwilliges R\u00fcckgaberecht von 5 Werktagen ab Warenerhalt und erstattet dir daf\u00fcr 50% des gezahlten Artikelpreises (unter Artikelpreis wird an dieser Stelle als Gesamtpreis f\u00fcr das Originalprodukt z.B. Sarvis und ggf. der zus\u00e4tzlich ausgew\u00e4hlten Varianten z.B. kurzer \u00c4rmel verstanden). Bitte habe Verst\u00e4ndnis daf\u00fcr, dass Versandkosten von der R\u00fcckerstattung ausgeschlossen sind.<br \/>Voraussetzung f\u00fcr die Aus\u00fcbung des freiwilligen R\u00fcckgaberechts ist jedoch, dass du die Ware lediglich zur Anprobe, wie in einem Ladengesch\u00e4ft, kurz getragen\/ausprobiert hast und die Ware vollst\u00e4ndig, in ihrem urspr\u00fcnglichen Zustand unversehrt und ohne Besch\u00e4digung (dazu z\u00e4hlen beispielsweise Make Up, Flecken, Deodorant-Flecken, Parf\u00fcme usw.)\u00a0 in der Originalverkaufsverpackung zur\u00fcckschickst. Das freiwillige R\u00fcckgaberecht beschr\u00e4nkt nicht deine gesetzlichen Gew\u00e4hrleistungsrechte, die dir uneingeschr\u00e4nkt erhalten bleiben. Das freiwillige R\u00fcckgaberecht besteht nicht f\u00fcr den Kauf von Geschenkgutscheinen.<br \/>Die rechtzeitige Absendung reicht zur Fristwahrung aus. Bitte habe Verst\u00e4ndnis daf\u00fcr, dass die Versandkosten f\u00fcr eine R\u00fccksendung nicht von uns \u00fcbernommen werden k\u00f6nnen und somit von dir getragen werden m\u00fcssen. Um Missverst\u00e4ndnissen aus dem Weg zu gehen, bitten wir dich bei der Auswahl deines Versandanbieters darauf zu achten, dass der Auslieferungsprozess tadellos nachvollzogen werden kann.<\/p>\n<p>Die R\u00fcckerstattung von 50% des gezahlten Artikelpreises erfolgt innerhalb von 14 Tagen nach Erhalt der Artikel.<\/p>\n<h1><br \/>10. R\u00dcCKZAHLUNGEN<\/h1>\n<p>Etwaige R\u00fcckzahlungen veranlassen wir automatisch auf das von dir zur Zahlung verwendete Konto. Hast du per PayPal oder Kreditkarte gezahlt, erfolgt die R\u00fcckerstattung auf das damit verbundene PayPal- bzw. Kreditkartenkonto. Solltest du bei deinem Kauf einen Geschenkgutschein benutzt haben, so schreiben wir dir den entsprechenden Betrag auf dein Geschenkgutscheinkonto gut.<\/p>\n<h1><br \/>11. SERVICE<\/h1>\n<p>Unseren Service erreichst du wie folgt:<\/p>\n<p>E-Mail: hi@senidey.com<\/p>\n<p>Chat auf www.senidey.com<\/p>\n<h1><br \/>12. GARANTIE UND GEW\u00c4HRLEISTUNG<\/h1>\n<p>Es gilt die gesetzliche M\u00e4ngelhaftung.<\/p>\n<p>AGB als <span style=\"text-decoration: underline;\"><a href=\"https:\/\/senidey.com\/wp-content\/uploads\/2024\/06\/Allgemeine-Geschaftsbedingungen-Seni-Dey.pdf\">PDF<\/a><\/span><\/p>\n\t\t\n<style>\n#text-2946914754 {\n  font-size: 1rem;\n  text-align: left;\n}\n<\/style>\n\t<\/div>\n\t\n\n\t\t<\/div>\n\t\t\t\t\n<style>\n#col-1616954812 > .col-inner {\n  padding: 30px 30px 30px 30px;\n}\n@media (min-width:550px) {\n  #col-1616954812 > .col-inner {\n    padding: 30px 60px 30px 60px;\n  }\n}\n<\/style>\n\t<\/div>\n\n\t\n\n<\/div>\n\n","protected":false},"excerpt":{"rendered":"","protected":false},"author":1,"featured_media":0,"parent":0,"menu_order":0,"comment_status":"closed","ping_status":"closed","template":"page-blank.php","meta":{"footnotes":""},"class_list":["post-2021","page","type-page","status-publish","hentry"],"yoast_head":"<!-- This site is optimized with the Yoast SEO plugin v27.4 - https:\/\/yoast.com\/product\/yoast-seo-wordpress\/ -->\n<title>AGBS - Seni Dey<\/title>\n<meta name=\"robots\" content=\"index, follow, max-snippet:-1, max-image-preview:large, max-video-preview:-1\" \/>\n<link rel=\"canonical\" href=\"https:\/\/senidey.com\/de\/agbs\/\" \/>\n<meta property=\"og:locale\" content=\"de_DE\" \/>\n<meta property=\"og:type\" content=\"article\" \/>\n<meta property=\"og:title\" content=\"AGBS - Seni Dey\" \/>\n<meta property=\"og:url\" content=\"https:\/\/senidey.com\/de\/agbs\/\" \/>\n<meta property=\"og:site_name\" content=\"Seni Dey\" \/>\n<meta property=\"article:publisher\" content=\"https:\/\/www.facebook.com\/seni.dey\" \/>\n<meta property=\"article:modified_time\" content=\"2025-06-16T12:42:41+00:00\" \/>\n<meta property=\"og:image\" content=\"https:\/\/senidey.com\/wp-content\/uploads\/2021\/01\/destination-wedding-minimal-bridal-dress-bride-with-hat-carline-adair-senna-seni-dey.jpg\" \/>\n\t<meta property=\"og:image:width\" content=\"800\" \/>\n\t<meta property=\"og:image:height\" content=\"800\" \/>\n\t<meta property=\"og:image:type\" content=\"image\/jpeg\" \/>\n<meta name=\"twitter:card\" content=\"summary_large_image\" \/>\n<meta name=\"twitter:label1\" content=\"Gesch\u00e4tzte Lesezeit\" \/>\n\t<meta name=\"twitter:data1\" content=\"8\u00a0Minuten\" \/>\n<script type=\"application\/ld+json\" class=\"yoast-schema-graph\">{\"@context\":\"https:\\\/\\\/schema.org\",\"@graph\":[{\"@type\":\"WebPage\",\"@id\":\"https:\\\/\\\/senidey.com\\\/de\\\/agbs\\\/\",\"url\":\"https:\\\/\\\/senidey.com\\\/de\\\/agbs\\\/\",\"name\":\"AGBS - Seni Dey\",\"isPartOf\":{\"@id\":\"https:\\\/\\\/senidey.com\\\/de\\\/#website\"},\"datePublished\":\"2021-01-01T13:44:52+00:00\",\"dateModified\":\"2025-06-16T12:42:41+00:00\",\"breadcrumb\":{\"@id\":\"https:\\\/\\\/senidey.com\\\/de\\\/agbs\\\/#breadcrumb\"},\"inLanguage\":\"de\",\"potentialAction\":[{\"@type\":\"ReadAction\",\"target\":[\"https:\\\/\\\/senidey.com\\\/de\\\/agbs\\\/\"]}]},{\"@type\":\"BreadcrumbList\",\"@id\":\"https:\\\/\\\/senidey.com\\\/de\\\/agbs\\\/#breadcrumb\",\"itemListElement\":[{\"@type\":\"ListItem\",\"position\":1,\"name\":\"Home\",\"item\":\"https:\\\/\\\/senidey.com\\\/de\\\/\"},{\"@type\":\"ListItem\",\"position\":2,\"name\":\"AGBS\"}]},{\"@type\":\"WebSite\",\"@id\":\"https:\\\/\\\/senidey.com\\\/de\\\/#website\",\"url\":\"https:\\\/\\\/senidey.com\\\/de\\\/\",\"name\":\"Seni Dey\",\"description\":\"Customised Wedding Dresses\",\"publisher\":{\"@id\":\"https:\\\/\\\/senidey.com\\\/de\\\/#organization\"},\"potentialAction\":[{\"@type\":\"SearchAction\",\"target\":{\"@type\":\"EntryPoint\",\"urlTemplate\":\"https:\\\/\\\/senidey.com\\\/de\\\/?s={search_term_string}\"},\"query-input\":{\"@type\":\"PropertyValueSpecification\",\"valueRequired\":true,\"valueName\":\"search_term_string\"}}],\"inLanguage\":\"de\"},{\"@type\":\"Organization\",\"@id\":\"https:\\\/\\\/senidey.com\\\/de\\\/#organization\",\"name\":\"Seni Dey\",\"url\":\"https:\\\/\\\/senidey.com\\\/de\\\/\",\"logo\":{\"@type\":\"ImageObject\",\"inLanguage\":\"de\",\"@id\":\"https:\\\/\\\/senidey.com\\\/de\\\/#\\\/schema\\\/logo\\\/image\\\/\",\"url\":\"https:\\\/\\\/senidey.com\\\/wp-content\\\/uploads\\\/2020\\\/05\\\/Seni-Dey-Logo.png\",\"contentUrl\":\"https:\\\/\\\/senidey.com\\\/wp-content\\\/uploads\\\/2020\\\/05\\\/Seni-Dey-Logo.png\",\"width\":400,\"height\":194,\"caption\":\"Seni Dey\"},\"image\":{\"@id\":\"https:\\\/\\\/senidey.com\\\/de\\\/#\\\/schema\\\/logo\\\/image\\\/\"},\"sameAs\":[\"https:\\\/\\\/www.facebook.com\\\/seni.dey\",\"https:\\\/\\\/www.instagram.com\\\/seni.dey\\\/\",\"https:\\\/\\\/www.pinterest.co.uk\\\/Seni_Dey\\\/\"]}]}<\/script>\n<!-- \/ Yoast SEO plugin. -->","yoast_head_json":{"title":"AGBS - Seni Dey","robots":{"index":"index","follow":"follow","max-snippet":"max-snippet:-1","max-image-preview":"max-image-preview:large","max-video-preview":"max-video-preview:-1"},"canonical":"https:\/\/senidey.com\/de\/agbs\/","og_locale":"de_DE","og_type":"article","og_title":"AGBS - Seni Dey","og_url":"https:\/\/senidey.com\/de\/agbs\/","og_site_name":"Seni Dey","article_publisher":"https:\/\/www.facebook.com\/seni.dey","article_modified_time":"2025-06-16T12:42:41+00:00","og_image":[{"width":800,"height":800,"url":"https:\/\/senidey.com\/wp-content\/uploads\/2021\/01\/destination-wedding-minimal-bridal-dress-bride-with-hat-carline-adair-senna-seni-dey.jpg","type":"image\/jpeg"}],"twitter_card":"summary_large_image","twitter_misc":{"Gesch\u00e4tzte Lesezeit":"8\u00a0Minuten"},"schema":{"@context":"https:\/\/schema.org","@graph":[{"@type":"WebPage","@id":"https:\/\/senidey.com\/de\/agbs\/","url":"https:\/\/senidey.com\/de\/agbs\/","name":"AGBS - Seni Dey","isPartOf":{"@id":"https:\/\/senidey.com\/de\/#website"},"datePublished":"2021-01-01T13:44:52+00:00","dateModified":"2025-06-16T12:42:41+00:00","breadcrumb":{"@id":"https:\/\/senidey.com\/de\/agbs\/#breadcrumb"},"inLanguage":"de","potentialAction":[{"@type":"ReadAction","target":["https:\/\/senidey.com\/de\/agbs\/"]}]},{"@type":"BreadcrumbList","@id":"https:\/\/senidey.com\/de\/agbs\/#breadcrumb","itemListElement":[{"@type":"ListItem","position":1,"name":"Home","item":"https:\/\/senidey.com\/de\/"},{"@type":"ListItem","position":2,"name":"AGBS"}]},{"@type":"WebSite","@id":"https:\/\/senidey.com\/de\/#website","url":"https:\/\/senidey.com\/de\/","name":"Seni Dey","description":"Customised Wedding Dresses","publisher":{"@id":"https:\/\/senidey.com\/de\/#organization"},"potentialAction":[{"@type":"SearchAction","target":{"@type":"EntryPoint","urlTemplate":"https:\/\/senidey.com\/de\/?s={search_term_string}"},"query-input":{"@type":"PropertyValueSpecification","valueRequired":true,"valueName":"search_term_string"}}],"inLanguage":"de"},{"@type":"Organization","@id":"https:\/\/senidey.com\/de\/#organization","name":"Seni Dey","url":"https:\/\/senidey.com\/de\/","logo":{"@type":"ImageObject","inLanguage":"de","@id":"https:\/\/senidey.com\/de\/#\/schema\/logo\/image\/","url":"https:\/\/senidey.com\/wp-content\/uploads\/2020\/05\/Seni-Dey-Logo.png","contentUrl":"https:\/\/senidey.com\/wp-content\/uploads\/2020\/05\/Seni-Dey-Logo.png","width":400,"height":194,"caption":"Seni Dey"},"image":{"@id":"https:\/\/senidey.com\/de\/#\/schema\/logo\/image\/"},"sameAs":["https:\/\/www.facebook.com\/seni.dey","https:\/\/www.instagram.com\/seni.dey\/","https:\/\/www.pinterest.co.uk\/Seni_Dey\/"]}]}},"_links":{"self":[{"href":"https:\/\/senidey.com\/de\/wp-json\/wp\/v2\/pages\/2021","targetHints":{"allow":["GET"]}}],"collection":[{"href":"https:\/\/senidey.com\/de\/wp-json\/wp\/v2\/pages"}],"about":[{"href":"https:\/\/senidey.com\/de\/wp-json\/wp\/v2\/types\/page"}],"author":[{"embeddable":true,"href":"https:\/\/senidey.com\/de\/wp-json\/wp\/v2\/users\/1"}],"replies":[{"embeddable":true,"href":"https:\/\/senidey.com\/de\/wp-json\/wp\/v2\/comments?post=2021"}],"version-history":[{"count":1,"href":"https:\/\/senidey.com\/de\/wp-json\/wp\/v2\/pages\/2021\/revisions"}],"predecessor-version":[{"id":16274,"href":"https:\/\/senidey.com\/de\/wp-json\/wp\/v2\/pages\/2021\/revisions\/16274"}],"wp:attachment":[{"href":"https:\/\/senidey.com\/de\/wp-json\/wp\/v2\/media?parent=2021"}],"curies":[{"name":"wp","href":"https:\/\/api.w.org\/{rel}","templated":true}]}}