{"id":1646,"date":"2020-12-29T16:05:57","date_gmt":"2020-12-29T16:05:57","guid":{"rendered":"http:\/\/stage.senidey.info\/muster\/"},"modified":"2023-03-15T07:54:27","modified_gmt":"2023-03-15T07:54:27","slug":"muster","status":"publish","type":"page","link":"https:\/\/senidey.com\/de\/muster\/","title":{"rendered":"Muster"},"content":{"rendered":"\n<div class=\"row row-collapse row-full-width\"  id=\"row-1188078083\">\n\n\n\t<div id=\"col-2129605297\" class=\"col small-12 large-12\"  >\n\t\t\t\t<div class=\"col-inner\"  >\n\t\t\t\n\t\t\t\n\n\t<div id=\"text-3142343373\" class=\"text\">\n\t\t\n\n<h1 style=\"text-align: center;\">UNSERE STOFFMUSTER<\/h1>\n\n\t\t\n<style>\n#text-3142343373 {\n  font-size: 1rem;\n  text-align: center;\n}\n<\/style>\n\t<\/div>\n\t\n\n\t\t<\/div>\n\t\t\t\t\n<style>\n#col-2129605297 > .col-inner {\n  padding: 34px 0px 17px 0px;\n}\n<\/style>\n\t<\/div>\n\n\t\n\n<\/div>\n\n\n\n\n<div class=\"row row-collapse row-full-width\"  id=\"row-1304795818\">\n\n\n\t<div id=\"col-356829601\" class=\"col small-12 large-12\"  >\n\t\t\t\t<div class=\"col-inner\" style=\"background-color:rgb(242, 244, 247);\" >\n\t\t\t\n\t\t\t\n\n<div class=\"is-divider divider clearfix\" style=\"max-width:0px;height:0px;\"><\/div>\n\n\t<div id=\"text-1895647889\" class=\"text\">\n\t\t\n\n<p style=\"text-align: justify;\">Stoffmuster sind 14 x 14 cm gro\u00dfe Materialproben der Stoffe des ausgew\u00e4hlten Modells. Wenn du vor der Bestellung eines Modells die Qualit\u00e4t oder spezifischen Eigenschaften der genutzten Stoffe n\u00e4her betrachten m\u00f6chtest, kannst du einfach eine Stoffprobe f\u00fcr jeweils 2,00 \u20ac bestellen. Diesen Betrag kannst du dir bei der Bestellung eines Modells von einem Mindestwert von 50 \u20ac gutschreiben lassen. Die Stoffproben kannst du auf der Produktseite eines Modells bestellen, indem auf den Button &#8222;Stoffprobe bestellen&#8220; klickst.<\/p>\n\n\t\t\n<style>\n#text-1895647889 {\n  text-align: center;\n}\n<\/style>\n\t<\/div>\n\t\n\n\t\t<\/div>\n\t\t\t\t\n<style>\n#col-356829601 > .col-inner {\n  padding: 20px 30px 10px 30px;\n}\n@media (min-width:550px) {\n  #col-356829601 > .col-inner {\n    padding: 20px 40px 30px 40px;\n  }\n}\n<\/style>\n\t<\/div>\n\n\t\n\n<\/div>\n\n","protected":false},"excerpt":{"rendered":"","protected":false},"author":1,"featured_media":0,"parent":0,"menu_order":0,"comment_status":"closed","ping_status":"closed","template":"page-blank.php","meta":{"footnotes":""},"class_list":["post-1646","page","type-page","status-publish","hentry"],"yoast_head":"<!-- This site is optimized with the Yoast SEO plugin v27.3 - https:\/\/yoast.com\/product\/yoast-seo-wordpress\/ -->\n<title>Muster - Seni Dey<\/title>\n<meta name=\"robots\" content=\"index, follow, max-snippet:-1, max-image-preview:large, max-video-preview:-1\" \/>\n<link rel=\"canonical\" href=\"https:\/\/senidey.com\/de\/muster\/\" \/>\n<meta property=\"og:locale\" content=\"de_DE\" \/>\n<meta property=\"og:type\" content=\"article\" \/>\n<meta property=\"og:title\" content=\"Muster - Seni Dey\" \/>\n<meta property=\"og:url\" content=\"https:\/\/senidey.com\/de\/muster\/\" \/>\n<meta property=\"og:site_name\" content=\"Seni Dey\" \/>\n<meta property=\"article:publisher\" content=\"https:\/\/www.facebook.com\/seni.dey\" \/>\n<meta property=\"article:modified_time\" content=\"2023-03-15T07:54:27+00:00\" \/>\n<meta property=\"og:image\" content=\"https:\/\/senidey.com\/wp-content\/uploads\/2021\/01\/destination-wedding-minimal-bridal-dress-bride-with-hat-carline-adair-senna-seni-dey.jpg\" \/>\n\t<meta property=\"og:image:width\" content=\"800\" \/>\n\t<meta property=\"og:image:height\" content=\"800\" \/>\n\t<meta property=\"og:image:type\" content=\"image\/jpeg\" \/>\n<meta name=\"twitter:card\" content=\"summary_large_image\" \/>\n<meta name=\"twitter:label1\" content=\"Gesch\u00e4tzte Lesezeit\" \/>\n\t<meta name=\"twitter:data1\" content=\"3\u00a0Minuten\" \/>\n<script type=\"application\/ld+json\" class=\"yoast-schema-graph\">{\"@context\":\"https:\\\/\\\/schema.org\",\"@graph\":[{\"@type\":\"WebPage\",\"@id\":\"https:\\\/\\\/senidey.com\\\/de\\\/muster\\\/\",\"url\":\"https:\\\/\\\/senidey.com\\\/de\\\/muster\\\/\",\"name\":\"Muster - Seni Dey\",\"isPartOf\":{\"@id\":\"https:\\\/\\\/senidey.com\\\/de\\\/#website\"},\"datePublished\":\"2020-12-29T16:05:57+00:00\",\"dateModified\":\"2023-03-15T07:54:27+00:00\",\"breadcrumb\":{\"@id\":\"https:\\\/\\\/senidey.com\\\/de\\\/muster\\\/#breadcrumb\"},\"inLanguage\":\"de\",\"potentialAction\":[{\"@type\":\"ReadAction\",\"target\":[\"https:\\\/\\\/senidey.com\\\/de\\\/muster\\\/\"]}]},{\"@type\":\"BreadcrumbList\",\"@id\":\"https:\\\/\\\/senidey.com\\\/de\\\/muster\\\/#breadcrumb\",\"itemListElement\":[{\"@type\":\"ListItem\",\"position\":1,\"name\":\"Home\",\"item\":\"https:\\\/\\\/senidey.com\\\/de\\\/\"},{\"@type\":\"ListItem\",\"position\":2,\"name\":\"Muster\"}]},{\"@type\":\"WebSite\",\"@id\":\"https:\\\/\\\/senidey.com\\\/de\\\/#website\",\"url\":\"https:\\\/\\\/senidey.com\\\/de\\\/\",\"name\":\"Seni Dey\",\"description\":\"Customised Wedding Dresses\",\"publisher\":{\"@id\":\"https:\\\/\\\/senidey.com\\\/de\\\/#organization\"},\"potentialAction\":[{\"@type\":\"SearchAction\",\"target\":{\"@type\":\"EntryPoint\",\"urlTemplate\":\"https:\\\/\\\/senidey.com\\\/de\\\/?s={search_term_string}\"},\"query-input\":{\"@type\":\"PropertyValueSpecification\",\"valueRequired\":true,\"valueName\":\"search_term_string\"}}],\"inLanguage\":\"de\"},{\"@type\":\"Organization\",\"@id\":\"https:\\\/\\\/senidey.com\\\/de\\\/#organization\",\"name\":\"Seni Dey\",\"url\":\"https:\\\/\\\/senidey.com\\\/de\\\/\",\"logo\":{\"@type\":\"ImageObject\",\"inLanguage\":\"de\",\"@id\":\"https:\\\/\\\/senidey.com\\\/de\\\/#\\\/schema\\\/logo\\\/image\\\/\",\"url\":\"https:\\\/\\\/senidey.com\\\/wp-content\\\/uploads\\\/2020\\\/05\\\/Seni-Dey-Logo.png\",\"contentUrl\":\"https:\\\/\\\/senidey.com\\\/wp-content\\\/uploads\\\/2020\\\/05\\\/Seni-Dey-Logo.png\",\"width\":400,\"height\":194,\"caption\":\"Seni Dey\"},\"image\":{\"@id\":\"https:\\\/\\\/senidey.com\\\/de\\\/#\\\/schema\\\/logo\\\/image\\\/\"},\"sameAs\":[\"https:\\\/\\\/www.facebook.com\\\/seni.dey\",\"https:\\\/\\\/www.instagram.com\\\/seni.dey\\\/\",\"https:\\\/\\\/www.pinterest.co.uk\\\/Seni_Dey\\\/\"]}]}<\/script>\n<!-- \/ Yoast SEO plugin. -->","yoast_head_json":{"title":"Muster - Seni Dey","robots":{"index":"index","follow":"follow","max-snippet":"max-snippet:-1","max-image-preview":"max-image-preview:large","max-video-preview":"max-video-preview:-1"},"canonical":"https:\/\/senidey.com\/de\/muster\/","og_locale":"de_DE","og_type":"article","og_title":"Muster - Seni Dey","og_url":"https:\/\/senidey.com\/de\/muster\/","og_site_name":"Seni Dey","article_publisher":"https:\/\/www.facebook.com\/seni.dey","article_modified_time":"2023-03-15T07:54:27+00:00","og_image":[{"width":800,"height":800,"url":"https:\/\/senidey.com\/wp-content\/uploads\/2021\/01\/destination-wedding-minimal-bridal-dress-bride-with-hat-carline-adair-senna-seni-dey.jpg","type":"image\/jpeg"}],"twitter_card":"summary_large_image","twitter_misc":{"Gesch\u00e4tzte Lesezeit":"3\u00a0Minuten"},"schema":{"@context":"https:\/\/schema.org","@graph":[{"@type":"WebPage","@id":"https:\/\/senidey.com\/de\/muster\/","url":"https:\/\/senidey.com\/de\/muster\/","name":"Muster - Seni Dey","isPartOf":{"@id":"https:\/\/senidey.com\/de\/#website"},"datePublished":"2020-12-29T16:05:57+00:00","dateModified":"2023-03-15T07:54:27+00:00","breadcrumb":{"@id":"https:\/\/senidey.com\/de\/muster\/#breadcrumb"},"inLanguage":"de","potentialAction":[{"@type":"ReadAction","target":["https:\/\/senidey.com\/de\/muster\/"]}]},{"@type":"BreadcrumbList","@id":"https:\/\/senidey.com\/de\/muster\/#breadcrumb","itemListElement":[{"@type":"ListItem","position":1,"name":"Home","item":"https:\/\/senidey.com\/de\/"},{"@type":"ListItem","position":2,"name":"Muster"}]},{"@type":"WebSite","@id":"https:\/\/senidey.com\/de\/#website","url":"https:\/\/senidey.com\/de\/","name":"Seni Dey","description":"Customised Wedding Dresses","publisher":{"@id":"https:\/\/senidey.com\/de\/#organization"},"potentialAction":[{"@type":"SearchAction","target":{"@type":"EntryPoint","urlTemplate":"https:\/\/senidey.com\/de\/?s={search_term_string}"},"query-input":{"@type":"PropertyValueSpecification","valueRequired":true,"valueName":"search_term_string"}}],"inLanguage":"de"},{"@type":"Organization","@id":"https:\/\/senidey.com\/de\/#organization","name":"Seni Dey","url":"https:\/\/senidey.com\/de\/","logo":{"@type":"ImageObject","inLanguage":"de","@id":"https:\/\/senidey.com\/de\/#\/schema\/logo\/image\/","url":"https:\/\/senidey.com\/wp-content\/uploads\/2020\/05\/Seni-Dey-Logo.png","contentUrl":"https:\/\/senidey.com\/wp-content\/uploads\/2020\/05\/Seni-Dey-Logo.png","width":400,"height":194,"caption":"Seni Dey"},"image":{"@id":"https:\/\/senidey.com\/de\/#\/schema\/logo\/image\/"},"sameAs":["https:\/\/www.facebook.com\/seni.dey","https:\/\/www.instagram.com\/seni.dey\/","https:\/\/www.pinterest.co.uk\/Seni_Dey\/"]}]}},"_links":{"self":[{"href":"https:\/\/senidey.com\/de\/wp-json\/wp\/v2\/pages\/1646","targetHints":{"allow":["GET"]}}],"collection":[{"href":"https:\/\/senidey.com\/de\/wp-json\/wp\/v2\/pages"}],"about":[{"href":"https:\/\/senidey.com\/de\/wp-json\/wp\/v2\/types\/page"}],"author":[{"embeddable":true,"href":"https:\/\/senidey.com\/de\/wp-json\/wp\/v2\/users\/1"}],"replies":[{"embeddable":true,"href":"https:\/\/senidey.com\/de\/wp-json\/wp\/v2\/comments?post=1646"}],"version-history":[{"count":0,"href":"https:\/\/senidey.com\/de\/wp-json\/wp\/v2\/pages\/1646\/revisions"}],"wp:attachment":[{"href":"https:\/\/senidey.com\/de\/wp-json\/wp\/v2\/media?parent=1646"}],"curies":[{"name":"wp","href":"https:\/\/api.w.org\/{rel}","templated":true}]}}